{"id":58,"date":"2024-04-15T13:00:51","date_gmt":"2024-04-15T11:00:51","guid":{"rendered":"https:\/\/mch.viguri.org\/?page_id=58"},"modified":"2024-04-15T14:43:00","modified_gmt":"2024-04-15T12:43:00","slug":"jahresprogramm-2024","status":"publish","type":"page","link":"https:\/\/mch.viguri.org\/?page_id=58","title":{"rendered":"Jahresprogramm 2024"},"content":{"rendered":"<table id=\"CM159660aca6002526843d0b64\" class=\"cm_table\" style=\"height: 1356px;\" width=\"776\">\n<tbody class=\"cm_table\">\n<tr class=\"cm_table cm_firstrow\">\n<td class=\"cm_table cm_firstcol\">18. Januar<\/td>\n<td class=\"cm_table cm_lastcol\">Erste Probe 2024<\/td>\n<\/tr>\n<tr class=\"cm_table\">\n<td class=\"cm_table cm_firstcol\">12. &#8211; 23. Februar<\/td>\n<td class=\"cm_table cm_lastcol\">Sportferien<\/td>\n<\/tr>\n<tr class=\"cm_table\">\n<td class=\"cm_table cm_firstcol\">1. M\u00e4rz (Fr)<\/p>\n<p>2. M\u00e4rz (Sa)<\/td>\n<td class=\"cm_table cm_lastcol\">Generalversammlung, Vereinsjahr 2023<\/p>\n<p>Papiersammlung<\/td>\n<\/tr>\n<tr class=\"cm_table\">\n<td class=\"cm_table cm_firstcol\">22. April &#8211; 3. Mai (Fr)<\/td>\n<td class=\"cm_table cm_lastcol\">Fr\u00fchlingsferien<\/td>\n<\/tr>\n<tr class=\"cm_table\">\n<td class=\"cm_table cm_firstcol\">4. Mai (Sa)<\/p>\n<p>8. Mai (Mi)<\/td>\n<td class=\"cm_table cm_lastcol\">DV ZKGV, Winterthur-Seen<\/p>\n<p>Keine Probe vor Auffahrt<\/td>\n<\/tr>\n<tr class=\"cm_table\">\n<td class=\"cm_table cm_firstcol\">26. Juni (mi)<\/p>\n<p>28. Juni (Fr) &#8211; 30. Juni (So)<\/td>\n<td class=\"cm_table cm_lastcol\">Gemeindeversammlung &#8211; keine Probe<\/p>\n<p>M\u00e4nnerchorreise M\u00fcnchen<\/td>\n<\/tr>\n<tr class=\"cm_table\">\n<td class=\"cm_table cm_firstcol\">3. Juli (Mi)<\/td>\n<td class=\"cm_table cm_lastcol\">Letzte Probe vor den Sommerferien<\/td>\n<\/tr>\n<tr class=\"cm_table\">\n<td class=\"cm_table cm_firstcol\">15. Juli &#8211; 16. August<\/td>\n<td class=\"cm_table cm_lastcol\">Sommerferien<\/td>\n<\/tr>\n<tr class=\"cm_table\">\n<td class=\"cm_table cm_firstcol\">17. &#8211; 17. August (Sa bis Mo)<\/p>\n<p>28. August (Mi)<\/p>\n<p>28. August (Mi)<\/td>\n<td class=\"cm_table cm_lastcol\">Herrliberg Chilbi<\/p>\n<p>1. Probe nach den Sommerferien<\/p>\n<p>Mitgliederversammlung<\/td>\n<\/tr>\n<tr class=\"cm_table\">\n<td class=\"cm_table cm_firstcol\">7. &#8211; 18. Oktober<\/td>\n<td class=\"cm_table cm_lastcol\">Herbstferien<\/td>\n<\/tr>\n<tr class=\"cm_table\">\n<td class=\"cm_table cm_firstcol\">27. November (Mi)<\/td>\n<td class=\"cm_table cm_lastcol\">Clausabend<\/td>\n<\/tr>\n<tr class=\"cm_table\">\n<td class=\"cm_table cm_firstcol\">4. Dezember (Mi)<\/p>\n<p>11. \/ 18. Dezember (Mi)<\/p>\n<p>23. Dez. 2024 &#8211; 3. Jan. 2025<\/td>\n<td class=\"cm_table cm_lastcol\">Gemeindeversammlung &#8211; keine Probe<\/p>\n<p>Keine Proben vor Weihnachten<\/p>\n<p>Weihnachtsferien<\/td>\n<\/tr>\n<tr class=\"cm_table cm_lastrow\">\n<td class=\"cm_table cm_firstcol\">PROVISORISCH<\/p>\n<p>28. Februar 2024 (Fr)<\/td>\n<td class=\"cm_table cm_lastcol\">Generalversammlung, Vereinsjahr 2024<\/td>\n<\/tr>\n<\/tbody>\n<\/table>\n","protected":false},"excerpt":{"rendered":"<p>18. Januar Erste Probe 2024 12. &#8211; 23. Februar Sportferien 1. M\u00e4rz (Fr) 2. M\u00e4rz (Sa) Generalversammlung, Vereinsjahr 2023 Papiersammlung 22. April &#8211; 3. Mai (Fr) Fr\u00fchlingsferien 4. Mai (Sa) 8. Mai (Mi) DV ZKGV, Winterthur-Seen Keine Probe vor Auffahrt&#8230; <a href=\"https:\/\/mch.viguri.org\/?page_id=58\" class=\"readmore\">Weiterlesen<span class=\"screen-reader-text\">Jahresprogramm 2024<\/span><span class=\"fa fa-angle-double-right\" aria-hidden=\"true\"><\/span><\/a><\/p>\n","protected":false},"author":1,"featured_media":0,"parent":0,"menu_order":1,"comment_status":"closed","ping_status":"closed","template":"","meta":{"footnotes":""},"class_list":["post-58","page","type-page","status-publish","hentry"],"_links":{"self":[{"href":"https:\/\/mch.viguri.org\/index.php?rest_route=\/wp\/v2\/pages\/58","targetHints":{"allow":["GET"]}}],"collection":[{"href":"https:\/\/mch.viguri.org\/index.php?rest_route=\/wp\/v2\/pages"}],"about":[{"href":"https:\/\/mch.viguri.org\/index.php?rest_route=\/wp\/v2\/types\/page"}],"author":[{"embeddable":true,"href":"https:\/\/mch.viguri.org\/index.php?rest_route=\/wp\/v2\/users\/1"}],"replies":[{"embeddable":true,"href":"https:\/\/mch.viguri.org\/index.php?rest_route=%2Fwp%2Fv2%2Fcomments&post=58"}],"version-history":[{"count":1,"href":"https:\/\/mch.viguri.org\/index.php?rest_route=\/wp\/v2\/pages\/58\/revisions"}],"predecessor-version":[{"id":60,"href":"https:\/\/mch.viguri.org\/index.php?rest_route=\/wp\/v2\/pages\/58\/revisions\/60"}],"wp:attachment":[{"href":"https:\/\/mch.viguri.org\/index.php?rest_route=%2Fwp%2Fv2%2Fmedia&parent=58"}],"curies":[{"name":"wp","href":"https:\/\/api.w.org\/{rel}","templated":true}]}}