{"id":54,"date":"2024-04-15T12:58:12","date_gmt":"2024-04-15T10:58:12","guid":{"rendered":"https:\/\/mch.viguri.org\/?page_id=54"},"modified":"2024-04-15T14:43:08","modified_gmt":"2024-04-15T12:43:08","slug":"vorproben-1-halfte-2024","status":"publish","type":"page","link":"https:\/\/mch.viguri.org\/?page_id=54","title":{"rendered":"Vorproben 1. H\u00e4lfte 2024"},"content":{"rendered":"\n<div id=\"CM136a20ffbf5f7f5eade6ad7_div\">\n<table id=\"CM136a20ffbf5f7f5eade6ad7\" class=\"cm_table\" style=\"height: 109px;\" border=\"1\">\n<tbody class=\"cm_table\">\n<tr class=\"cm_table cm_lastrow\">\n<td class=\"cm_table cm_firstcol cm_lastcol\"><strong>Beginn jeweils am Mittwoch Punkt 18:30 Uhr im Probenlokal.<\/strong>\n<p>&nbsp;<\/p>\n<p><strong>Aufstellen 10 Minuten vorher!<br><\/strong><\/p>\n<\/td>\n<\/tr>\n<\/tbody>\n<\/table>\n<\/div>\n\n\n\n<div id=\"CM136a20c22f011280813d2ca74_div\">\n<table id=\"CM136a20c22f011280813d2ca74\" class=\"cm_table\" style=\"height: 745px;\" border=\"2\" width=\"522\">\n<tbody class=\"cm_table\">\n<tr class=\"cm_table cm_firstrow\">\n<td class=\"cm_table cm_firstcol\"><strong>1. Tenor:<\/strong><\/td>\n<td class=\"cm_table cm_lastcol\">13. M\u00e4rz\n<p>10. April<\/p>\n<p>22. Mai<\/p>\n<p>19. Juni<\/p>\n<\/td>\n<\/tr>\n<tr class=\"cm_table\">\n<td class=\"cm_table cm_firstcol\"><strong>2. Tenor:<\/strong><\/td>\n<td class=\"cm_table cm_lastcol\">20. M\u00e4rz\n<p>17. April<\/p>\n<p>29. Mai<\/p>\n<\/td>\n<\/tr>\n<tr class=\"cm_table\">\n<td class=\"cm_table cm_firstcol\"><strong>1. Bass:<\/strong><\/td>\n<td class=\"cm_table cm_lastcol\">27. M\u00e4rz\n<p>8. Mai<\/p>\n<p>5. Juni<\/p>\n<\/td>\n<\/tr>\n<tr class=\"cm_table\">\n<td class=\"cm_table cm_firstcol\"><strong>2. Bass:<\/strong><\/td>\n<td class=\"cm_table cm_lastcol\">10. April\n<p>15. Mai<\/p>\n<p>12. Juni<\/p>\n<\/td>\n<\/tr>\n<tr class=\"cm_table\">\n<td class=\"cm_table cm_firstcol\"><strong>Dirigent:<\/strong><\/td>\n<td class=\"cm_table cm_lastcol\">\n<p>3. April (2. Bass)<\/p>\n<\/td>\n<\/tr>\n<\/tbody>\n<\/table>\n<\/div>\n\n\n\n<p><strong>26.06.-&nbsp;Generalprobe vor der Reise nach M\u00fcnchen<\/strong><\/p>\n\n\n\n<p><strong>Dirigent:&nbsp;<\/strong><\/p>\n\n\n\n<p>An diesen Daten entscheidet der Dirigent ad hoc, welche Stimme die Vorprobe hat.<\/p>\n","protected":false},"excerpt":{"rendered":"<p>Beginn jeweils am Mittwoch Punkt 18:30 Uhr im Probenlokal. &nbsp; Aufstellen 10 Minuten vorher! 1. Tenor: 13. M\u00e4rz 10. April 22. Mai 19. Juni 2. Tenor: 20. M\u00e4rz 17. April 29. Mai 1. Bass: 27. M\u00e4rz 8. Mai 5. Juni&#8230; <a href=\"https:\/\/mch.viguri.org\/?page_id=54\" class=\"readmore\">Weiterlesen<span class=\"screen-reader-text\">Vorproben 1. H\u00e4lfte 2024<\/span><span class=\"fa fa-angle-double-right\" aria-hidden=\"true\"><\/span><\/a><\/p>\n","protected":false},"author":1,"featured_media":0,"parent":0,"menu_order":2,"comment_status":"closed","ping_status":"closed","template":"","meta":{"footnotes":""},"class_list":["post-54","page","type-page","status-publish","hentry"],"_links":{"self":[{"href":"https:\/\/mch.viguri.org\/index.php?rest_route=\/wp\/v2\/pages\/54","targetHints":{"allow":["GET"]}}],"collection":[{"href":"https:\/\/mch.viguri.org\/index.php?rest_route=\/wp\/v2\/pages"}],"about":[{"href":"https:\/\/mch.viguri.org\/index.php?rest_route=\/wp\/v2\/types\/page"}],"author":[{"embeddable":true,"href":"https:\/\/mch.viguri.org\/index.php?rest_route=\/wp\/v2\/users\/1"}],"replies":[{"embeddable":true,"href":"https:\/\/mch.viguri.org\/index.php?rest_route=%2Fwp%2Fv2%2Fcomments&post=54"}],"version-history":[{"count":8,"href":"https:\/\/mch.viguri.org\/index.php?rest_route=\/wp\/v2\/pages\/54\/revisions"}],"predecessor-version":[{"id":69,"href":"https:\/\/mch.viguri.org\/index.php?rest_route=\/wp\/v2\/pages\/54\/revisions\/69"}],"wp:attachment":[{"href":"https:\/\/mch.viguri.org\/index.php?rest_route=%2Fwp%2Fv2%2Fmedia&parent=54"}],"curies":[{"name":"wp","href":"https:\/\/api.w.org\/{rel}","templated":true}]}}