{"id":2,"date":"2024-01-01T01:00:21","date_gmt":"2024-01-01T00:00:21","guid":{"rendered":"http:\/\/mch.viguri.org\/?page_id=2"},"modified":"2025-01-13T22:43:04","modified_gmt":"2025-01-13T21:43:04","slug":"sample-page","status":"publish","type":"page","link":"https:\/\/mch.viguri.org\/","title":{"rendered":"Singen macht Freude"},"content":{"rendered":"<h4><\/h4>\n<h4>Gemeinsam Singen macht Freude und Spass<\/h4>\n<p>Der M\u00e4nnerchor Herrliberg pflegt den Chorgesang, das gesellige Beisammensein und den Kontakt zur Gemeinde. In jedem Manne steckt ein S\u00e4nger; wir bringen ihm das Gesangserlebnis.<\/p>\n<p>Der <strong>Herrliberger M\u00e4nnerchor<\/strong> ist ein traditionsreicher Chor, der sich seit Jahren dem Chorgesang widmet. Wir sind eine Gemeinschaft von M\u00e4nnern aus unterschiedlichen Altersgruppen und Hintergr\u00fcnden, die die Freude an der Musik verbindet. Unser Repertoire reicht von klassischen St\u00fccken bis hin zu modernen Liedern, und wir treten regelm\u00e4\u00dfig bei lokalen und regionalen Veranstaltungen auf.<\/p>\n<p>Wir freuen uns immer \u00fcber neue Mitglieder, die unsere Leidenschaft f\u00fcr Musik teilen m\u00f6chten \u2013 ob mit oder ohne Chorerfahrung. Schauen Sie doch einfach bei einer unserer Proben vorbei und erleben Sie die Begeisterung f\u00fcr gemeinsames Singen!<\/p>\n<p>&nbsp;<\/p>\n<p><strong>Treffpunkt:<\/strong><\/p>\n<p>Jeden Mittwochabend finden in der Aula des Sekundarschulhauses Proben unter der Leitung der Dirigentin Andr\u00e9s Heredia Alonso statt. Danach trifft man sich zu einem gem\u00fctlichen Hock in der Breiti.<\/p>\n","protected":false},"excerpt":{"rendered":"<p>Gemeinsam Singen macht Freude und Spass Der M\u00e4nnerchor Herrliberg pflegt den Chorgesang, das gesellige Beisammensein und den Kontakt zur Gemeinde. In jedem Manne steckt ein S\u00e4nger; wir bringen ihm das Gesangserlebnis. Der Herrliberger M\u00e4nnerchor ist ein traditionsreicher Chor, der sich&#8230; <a href=\"https:\/\/mch.viguri.org\/\" class=\"readmore\">Weiterlesen<span class=\"screen-reader-text\">Singen macht Freude<\/span><span class=\"fa fa-angle-double-right\" aria-hidden=\"true\"><\/span><\/a><\/p>\n","protected":false},"author":1,"featured_media":0,"parent":0,"menu_order":0,"comment_status":"closed","ping_status":"open","template":"","meta":{"footnotes":""},"class_list":["post-2","page","type-page","status-publish","hentry"],"_links":{"self":[{"href":"https:\/\/mch.viguri.org\/index.php?rest_route=\/wp\/v2\/pages\/2","targetHints":{"allow":["GET"]}}],"collection":[{"href":"https:\/\/mch.viguri.org\/index.php?rest_route=\/wp\/v2\/pages"}],"about":[{"href":"https:\/\/mch.viguri.org\/index.php?rest_route=\/wp\/v2\/types\/page"}],"author":[{"embeddable":true,"href":"https:\/\/mch.viguri.org\/index.php?rest_route=\/wp\/v2\/users\/1"}],"replies":[{"embeddable":true,"href":"https:\/\/mch.viguri.org\/index.php?rest_route=%2Fwp%2Fv2%2Fcomments&post=2"}],"version-history":[{"count":4,"href":"https:\/\/mch.viguri.org\/index.php?rest_route=\/wp\/v2\/pages\/2\/revisions"}],"predecessor-version":[{"id":516,"href":"https:\/\/mch.viguri.org\/index.php?rest_route=\/wp\/v2\/pages\/2\/revisions\/516"}],"wp:attachment":[{"href":"https:\/\/mch.viguri.org\/index.php?rest_route=%2Fwp%2Fv2%2Fmedia&parent=2"}],"curies":[{"name":"wp","href":"https:\/\/api.w.org\/{rel}","templated":true}]}}